{"id":1398,"date":"2024-07-23T11:50:56","date_gmt":"2024-07-23T11:50:56","guid":{"rendered":"https:\/\/www.afc.cr\/?page_id=1398"},"modified":"2025-09-17T23:37:01","modified_gmt":"2025-09-17T23:37:01","slug":"servicios-contables","status":"publish","type":"page","link":"https:\/\/www.afc.cr\/en\/servicios-contables\/","title":{"rendered":"Accounting Services"},"content":{"rendered":"<div data-elementor-type=\"wp-page\" data-elementor-id=\"1398\" class=\"elementor elementor-1398\">\n\t\t\t\t<div class=\"elementor-element elementor-element-2dd4ed8f e-con-full e-flex e-con e-parent\" data-id=\"2dd4ed8f\" data-element_type=\"container\" data-settings=\"{&quot;background_background&quot;:&quot;classic&quot;}\">\n\t\t<div class=\"elementor-element elementor-element-72819839 e-con-full e-flex e-con e-child\" data-id=\"72819839\" data-element_type=\"container\">\n\t\t<div class=\"elementor-element elementor-element-7684ec95 e-con-full elementor-hidden-mobile e-flex e-con e-child\" data-id=\"7684ec95\" data-element_type=\"container\">\n\t\t\t\t<\/div>\n\t\t<div class=\"elementor-element elementor-element-6b71d679 e-con-full e-flex e-con e-child\" data-id=\"6b71d679\" data-element_type=\"container\">\n\t\t<div class=\"elementor-element elementor-element-4ccad4d1 e-con-full e-flex e-con e-child\" data-id=\"4ccad4d1\" data-element_type=\"container\">\n\t\t\t\t<div class=\"elementor-element elementor-element-6f97cfb4 elementor-widget__width-initial elementor-widget-divider--view-line elementor-widget elementor-widget-divider\" data-id=\"6f97cfb4\" data-element_type=\"widget\" data-widget_type=\"divider.default\">\n\t\t\t\t<div class=\"elementor-widget-container\">\n\t\t\t\t\t\t\t<div class=\"elementor-divider\">\n\t\t\t<span class=\"elementor-divider-separator\">\n\t\t\t\t\t\t<\/span>\n\t\t<\/div>\n\t\t\t\t\t\t<\/div>\n\t\t\t\t<\/div>\n\t\t\t\t<div class=\"elementor-element elementor-element-132dc050 elementor-widget__width-initial elementor-widget-divider--view-line elementor-widget elementor-widget-divider\" data-id=\"132dc050\" data-element_type=\"widget\" data-widget_type=\"divider.default\">\n\t\t\t\t<div class=\"elementor-widget-container\">\n\t\t\t\t\t\t\t<div class=\"elementor-divider\">\n\t\t\t<span class=\"elementor-divider-separator\">\n\t\t\t\t\t\t<\/span>\n\t\t<\/div>\n\t\t\t\t\t\t<\/div>\n\t\t\t\t<\/div>\n\t\t\t\t<\/div>\n\t\t\t\t<div class=\"elementor-element elementor-element-232e150d elementor-widget elementor-widget-heading\" data-id=\"232e150d\" data-element_type=\"widget\" data-widget_type=\"heading.default\">\n\t\t\t\t<div class=\"elementor-widget-container\">\n\t\t\t\t\t<h2 class=\"elementor-heading-title elementor-size-default\">Accounting Services<\/h2>\t\t\t\t<\/div>\n\t\t\t\t<\/div>\n\t\t\t\t<div class=\"elementor-element elementor-element-49a15206 elementor-widget elementor-widget-text-editor\" data-id=\"49a15206\" data-element_type=\"widget\" data-widget_type=\"text-editor.default\">\n\t\t\t\t<div class=\"elementor-widget-container\">\n\t\t\t\t\t\t\t\t\t<p>Experience supports us.<\/p>\t\t\t\t\t\t\t\t<\/div>\n\t\t\t\t<\/div>\n\t\t\t\t<\/div>\n\t\t\t\t<\/div>\n\t\t\t\t<\/div>\n\t\t<div class=\"elementor-element elementor-element-4bf8ef74 e-flex e-con-boxed e-con e-parent\" data-id=\"4bf8ef74\" data-element_type=\"container\" data-settings=\"{&quot;background_background&quot;:&quot;classic&quot;}\">\n\t\t\t\t\t<div class=\"e-con-inner\">\n\t\t<div class=\"elementor-element elementor-element-2c5c845b e-con-full e-flex e-con e-child\" data-id=\"2c5c845b\" data-element_type=\"container\">\n\t\t\t\t<div class=\"elementor-element elementor-element-77f288c elementor-icon-list--layout-traditional elementor-list-item-link-full_width elementor-widget elementor-widget-icon-list\" data-id=\"77f288c\" data-element_type=\"widget\" data-widget_type=\"icon-list.default\">\n\t\t\t\t<div class=\"elementor-widget-container\">\n\t\t\t\t\t\t\t<ul class=\"elementor-icon-list-items\">\n\t\t\t\t\t\t\t<li class=\"elementor-icon-list-item\">\n\t\t\t\t\t\t\t\t\t\t\t<span class=\"elementor-icon-list-icon\">\n\t\t\t\t\t\t\t<svg xmlns=\"http:\/\/www.w3.org\/2000\/svg\" width=\"12\" height=\"12\" viewbox=\"0 0 12 12\" fill=\"none\"><rect width=\"12\" height=\"12\" fill=\"#F04E23\"><\/rect><\/svg>\t\t\t\t\t\t<\/span>\n\t\t\t\t\t\t\t\t\t\t<span class=\"elementor-icon-list-text\">Accounting Services   <\/span>\n\t\t\t\t\t\t\t\t\t<\/li>\n\t\t\t\t\t\t<\/ul>\n\t\t\t\t\t\t<\/div>\n\t\t\t\t<\/div>\n\t\t\t\t<div class=\"elementor-element elementor-element-4c1875dc elementor-widget elementor-widget-heading\" data-id=\"4c1875dc\" data-element_type=\"widget\" data-widget_type=\"heading.default\">\n\t\t\t\t<div class=\"elementor-widget-container\">\n\t\t\t\t\t<h2 class=\"elementor-heading-title elementor-size-default\">More than 20 years of experience support us. <\/h2>\t\t\t\t<\/div>\n\t\t\t\t<\/div>\n\t\t\t\t<div class=\"elementor-element elementor-element-2839fc63 elementor-widget elementor-widget-text-editor\" data-id=\"2839fc63\" data-element_type=\"widget\" data-widget_type=\"text-editor.default\">\n\t\t\t\t<div class=\"elementor-widget-container\">\n\t\t\t\t\t\t\t\t\t<p>Our expert staff strives to maintain the high standards of internal and external ethics and quality, which have positioned AFC as a leading firm in Costa Rica for over 20 years.<\/p><p>\u00a0 <br \/>Our accounting services allow your company to focus on the operational and strategic management of the business, reducing costs and increasing efficiency.<\/p>\t\t\t\t\t\t\t\t<\/div>\n\t\t\t\t<\/div>\n\t\t\t\t<div class=\"elementor-element elementor-element-544c31a5 elementor-widget elementor-widget-heading\" data-id=\"544c31a5\" data-element_type=\"widget\" data-widget_type=\"heading.default\">\n\t\t\t\t<div class=\"elementor-widget-container\">\n\t\t\t\t\t<h2 class=\"elementor-heading-title elementor-size-default\">Our Services: <\/h2>\t\t\t\t<\/div>\n\t\t\t\t<\/div>\n\t\t\t\t<div class=\"elementor-element elementor-element-54285d8 elementor-widget elementor-widget-text-editor\" data-id=\"54285d8\" data-element_type=\"widget\" data-widget_type=\"text-editor.default\">\n\t\t\t\t<div class=\"elementor-widget-container\">\n\t\t\t\t\t\t\t\t\t<ul><li>Processing of accounting information through various financial software systems.<\/li><li>Preparation and presentation of financial statements with flexible cut-off times.<\/li><li>Accounting reconstruction and forensic analysis.<\/li><\/ul>\t\t\t\t\t\t\t\t<\/div>\n\t\t\t\t<\/div>\n\t\t\t\t<\/div>\n\t\t<div class=\"elementor-element elementor-element-6ffb49d6 e-con-full e-flex e-con e-child\" data-id=\"6ffb49d6\" data-element_type=\"container\" data-settings=\"{&quot;background_background&quot;:&quot;classic&quot;}\">\n\t\t<div class=\"elementor-element elementor-element-2b064864 e-con-full e-flex e-con e-child\" data-id=\"2b064864\" data-element_type=\"container\" data-settings=\"{&quot;background_background&quot;:&quot;classic&quot;}\">\n\t\t\t\t<div class=\"elementor-element elementor-element-40787fbd elementor-hidden-tablet elementor-hidden-mobile elementor-widget elementor-widget-image\" data-id=\"40787fbd\" data-element_type=\"widget\" data-widget_type=\"image.default\">\n\t\t\t\t<div class=\"elementor-widget-container\">\n\t\t\t\t\t\t\t\t\t\t\t\t\t\t\t<img fetchpriority=\"high\" decoding=\"async\" width=\"2560\" height=\"1706\" src=\"https:\/\/www.afc.cr\/wp-content\/uploads\/2024\/08\/shutterstock_517189252-scaled.jpg\" class=\"attachment-full size-full wp-image-2880\" alt=\"\" srcset=\"https:\/\/www.afc.cr\/wp-content\/uploads\/2024\/08\/shutterstock_517189252-scaled.jpg 2560w, https:\/\/www.afc.cr\/wp-content\/uploads\/2024\/08\/shutterstock_517189252-scaled-300x200.jpg 300w, https:\/\/www.afc.cr\/wp-content\/uploads\/2024\/08\/shutterstock_517189252-scaled-1024x682.jpg 1024w, https:\/\/www.afc.cr\/wp-content\/uploads\/2024\/08\/shutterstock_517189252-scaled-768x512.jpg 768w, https:\/\/www.afc.cr\/wp-content\/uploads\/2024\/08\/shutterstock_517189252-scaled-1536x1024.jpg 1536w, https:\/\/www.afc.cr\/wp-content\/uploads\/2024\/08\/shutterstock_517189252-scaled-2048x1365.jpg 2048w, https:\/\/www.afc.cr\/wp-content\/uploads\/2024\/08\/shutterstock_517189252-scaled-18x12.jpg 18w\" sizes=\"(max-width: 2560px) 100vw, 2560px\" \/>\t\t\t\t\t\t\t\t\t\t\t\t\t\t\t<\/div>\n\t\t\t\t<\/div>\n\t\t\t\t<div class=\"elementor-element elementor-element-7da5155a elementor-hidden-desktop elementor-widget elementor-widget-image\" data-id=\"7da5155a\" data-element_type=\"widget\" data-widget_type=\"image.default\">\n\t\t\t\t<div class=\"elementor-widget-container\">\n\t\t\t\t\t\t\t\t\t\t\t\t\t\t\t<img fetchpriority=\"high\" decoding=\"async\" width=\"2560\" height=\"1706\" src=\"https:\/\/www.afc.cr\/wp-content\/uploads\/2024\/08\/shutterstock_517189252-scaled.jpg\" class=\"attachment-full size-full wp-image-2880\" alt=\"\" srcset=\"https:\/\/www.afc.cr\/wp-content\/uploads\/2024\/08\/shutterstock_517189252-scaled.jpg 2560w, https:\/\/www.afc.cr\/wp-content\/uploads\/2024\/08\/shutterstock_517189252-scaled-300x200.jpg 300w, https:\/\/www.afc.cr\/wp-content\/uploads\/2024\/08\/shutterstock_517189252-scaled-1024x682.jpg 1024w, https:\/\/www.afc.cr\/wp-content\/uploads\/2024\/08\/shutterstock_517189252-scaled-768x512.jpg 768w, https:\/\/www.afc.cr\/wp-content\/uploads\/2024\/08\/shutterstock_517189252-scaled-1536x1024.jpg 1536w, https:\/\/www.afc.cr\/wp-content\/uploads\/2024\/08\/shutterstock_517189252-scaled-2048x1365.jpg 2048w, https:\/\/www.afc.cr\/wp-content\/uploads\/2024\/08\/shutterstock_517189252-scaled-18x12.jpg 18w\" sizes=\"(max-width: 2560px) 100vw, 2560px\" \/>\t\t\t\t\t\t\t\t\t\t\t\t\t\t\t<\/div>\n\t\t\t\t<\/div>\n\t\t\t\t<\/div>\n\t\t\t\t<\/div>\n\t\t\t\t\t<\/div>\n\t\t\t\t<\/div>\n\t\t<div class=\"elementor-element elementor-element-d58a57c e-flex e-con-boxed e-con e-parent\" data-id=\"d58a57c\" data-element_type=\"container\" data-settings=\"{&quot;background_background&quot;:&quot;classic&quot;}\">\n\t\t\t\t\t<div class=\"e-con-inner\">\n\t\t<div class=\"elementor-element elementor-element-8d17e96 e-con-full e-flex e-con e-child\" data-id=\"8d17e96\" data-element_type=\"container\">\n\t\t\t\t<div class=\"elementor-element elementor-element-6dc676d elementor-widget elementor-widget-heading\" data-id=\"6dc676d\" data-element_type=\"widget\" data-widget_type=\"heading.default\">\n\t\t\t\t<div class=\"elementor-widget-container\">\n\t\t\t\t\t<h2 class=\"elementor-heading-title elementor-size-default\">Service Testimonial <\/h2>\t\t\t\t<\/div>\n\t\t\t\t<\/div>\n\t\t\t\t<\/div>\n\t\t<div class=\"elementor-element elementor-element-529106c e-con-full e-flex e-con e-child\" data-id=\"529106c\" data-element_type=\"container\">\n\t\t\t\t<div class=\"elementor-element elementor-element-6637a93 elementor-widget__width-inherit elementor-widget-mobile__width-inherit elementor-widget elementor-widget-text-editor\" data-id=\"6637a93\" data-element_type=\"widget\" data-widget_type=\"text-editor.default\">\n\t\t\t\t<div class=\"elementor-widget-container\">\n\t\t\t\t\t\t\t\t\t\"Congratulations, you are the best accounting advisory firm in Costa Rica. Thank you very much for all the assistance and support you have provided us over the years.\"\t\t\t\t\t\t\t\t<\/div>\n\t\t\t\t<\/div>\n\t\t\t\t<div class=\"elementor-element elementor-element-8bf8a2f elementor-widget elementor-widget-heading\" data-id=\"8bf8a2f\" data-element_type=\"widget\" data-widget_type=\"heading.default\">\n\t\t\t\t<div class=\"elementor-widget-container\">\n\t\t\t\t\t<h2 class=\"elementor-heading-title elementor-size-default\">Company in the Mining Industry <\/h2>\t\t\t\t<\/div>\n\t\t\t\t<\/div>\n\t\t\t\t<\/div>\n\t\t\t\t\t<\/div>\n\t\t\t\t<\/div>\n\t\t\t\t<\/div>","protected":false},"excerpt":{"rendered":"<p>Servicios Contables La experiencia nos respalda. Servicios contables Mas de 20 a\u00f1os de experiencia nos respaldan. Nuestro personal experto se esfuerza por mantener los altos est\u00e1ndares de \u00e9tica y calidad internos y externos, que han posicionado por m\u00e1s de 20 a\u00f1os a AFC como una firma l\u00edder en Costa Rica. \u00a0 Nuestros servicios contables le [&hellip;]<\/p>","protected":false},"author":1,"featured_media":0,"parent":0,"menu_order":0,"comment_status":"closed","ping_status":"closed","template":"elementor_header_footer","meta":{"footnotes":""},"class_list":["post-1398","page","type-page","status-publish","hentry"],"_links":{"self":[{"href":"https:\/\/www.afc.cr\/en\/wp-json\/wp\/v2\/pages\/1398","targetHints":{"allow":["GET"]}}],"collection":[{"href":"https:\/\/www.afc.cr\/en\/wp-json\/wp\/v2\/pages"}],"about":[{"href":"https:\/\/www.afc.cr\/en\/wp-json\/wp\/v2\/types\/page"}],"author":[{"embeddable":true,"href":"https:\/\/www.afc.cr\/en\/wp-json\/wp\/v2\/users\/1"}],"replies":[{"embeddable":true,"href":"https:\/\/www.afc.cr\/en\/wp-json\/wp\/v2\/comments?post=1398"}],"version-history":[{"count":79,"href":"https:\/\/www.afc.cr\/en\/wp-json\/wp\/v2\/pages\/1398\/revisions"}],"predecessor-version":[{"id":3890,"href":"https:\/\/www.afc.cr\/en\/wp-json\/wp\/v2\/pages\/1398\/revisions\/3890"}],"wp:attachment":[{"href":"https:\/\/www.afc.cr\/en\/wp-json\/wp\/v2\/media?parent=1398"}],"curies":[{"name":"wp","href":"https:\/\/api.w.org\/{rel}","templated":true}]}}