{"id":1449,"date":"2024-07-23T12:40:19","date_gmt":"2024-07-23T12:40:19","guid":{"rendered":"https:\/\/www.afc.cr\/?page_id=1449"},"modified":"2025-01-23T21:43:48","modified_gmt":"2025-01-23T21:43:48","slug":"gestion-de-nominas","status":"publish","type":"page","link":"https:\/\/www.afc.cr\/en\/gestion-de-nominas\/","title":{"rendered":"Payroll Management\u00a0\u00a0\u00a0"},"content":{"rendered":"<div data-elementor-type=\"wp-page\" data-elementor-id=\"1449\" class=\"elementor elementor-1449\">\n\t\t\t\t<div class=\"elementor-element elementor-element-248105a e-con-full e-flex e-con e-parent\" data-id=\"248105a\" data-element_type=\"container\" data-settings=\"{&quot;background_background&quot;:&quot;classic&quot;}\">\n\t\t<div class=\"elementor-element elementor-element-cd32a92 e-con-full e-flex e-con e-child\" data-id=\"cd32a92\" data-element_type=\"container\">\n\t\t<div class=\"elementor-element elementor-element-7f5ba92 e-con-full elementor-hidden-mobile e-flex e-con e-child\" data-id=\"7f5ba92\" data-element_type=\"container\">\n\t\t\t\t<\/div>\n\t\t<div class=\"elementor-element elementor-element-369ded0 e-con-full e-flex e-con e-child\" data-id=\"369ded0\" data-element_type=\"container\">\n\t\t<div class=\"elementor-element elementor-element-1d602aa e-con-full e-flex e-con e-child\" data-id=\"1d602aa\" data-element_type=\"container\">\n\t\t\t\t<div class=\"elementor-element elementor-element-af1cbf0 elementor-widget__width-initial elementor-widget-divider--view-line elementor-widget elementor-widget-divider\" data-id=\"af1cbf0\" data-element_type=\"widget\" data-widget_type=\"divider.default\">\n\t\t\t\t<div class=\"elementor-widget-container\">\n\t\t\t\t\t\t\t<div class=\"elementor-divider\">\n\t\t\t<span class=\"elementor-divider-separator\">\n\t\t\t\t\t\t<\/span>\n\t\t<\/div>\n\t\t\t\t\t\t<\/div>\n\t\t\t\t<\/div>\n\t\t\t\t<div class=\"elementor-element elementor-element-240a112 elementor-widget__width-initial elementor-widget-divider--view-line elementor-widget elementor-widget-divider\" data-id=\"240a112\" data-element_type=\"widget\" data-widget_type=\"divider.default\">\n\t\t\t\t<div class=\"elementor-widget-container\">\n\t\t\t\t\t\t\t<div class=\"elementor-divider\">\n\t\t\t<span class=\"elementor-divider-separator\">\n\t\t\t\t\t\t<\/span>\n\t\t<\/div>\n\t\t\t\t\t\t<\/div>\n\t\t\t\t<\/div>\n\t\t\t\t<\/div>\n\t\t\t\t<div class=\"elementor-element elementor-element-c5f8b09 elementor-widget elementor-widget-heading\" data-id=\"c5f8b09\" data-element_type=\"widget\" data-widget_type=\"heading.default\">\n\t\t\t\t<div class=\"elementor-widget-container\">\n\t\t\t\t\t<h2 class=\"elementor-heading-title elementor-size-default\">Payroll Management   <\/h2>\t\t\t\t<\/div>\n\t\t\t\t<\/div>\n\t\t\t\t<div class=\"elementor-element elementor-element-21ec5f8 elementor-widget elementor-widget-text-editor\" data-id=\"21ec5f8\" data-element_type=\"widget\" data-widget_type=\"text-editor.default\">\n\t\t\t\t<div class=\"elementor-widget-container\">\n\t\t\t\t\t\t\t\t\t<p>Experience supports us.<\/p>\t\t\t\t\t\t\t\t<\/div>\n\t\t\t\t<\/div>\n\t\t\t\t<\/div>\n\t\t\t\t<\/div>\n\t\t\t\t<\/div>\n\t\t<div class=\"elementor-element elementor-element-7a782da e-flex e-con-boxed e-con e-parent\" data-id=\"7a782da\" data-element_type=\"container\" data-settings=\"{&quot;background_background&quot;:&quot;classic&quot;}\">\n\t\t\t\t\t<div class=\"e-con-inner\">\n\t\t<div class=\"elementor-element elementor-element-065defe e-con-full e-flex e-con e-child\" data-id=\"065defe\" data-element_type=\"container\">\n\t\t\t\t<div class=\"elementor-element elementor-element-e23e4b3 elementor-icon-list--layout-traditional elementor-list-item-link-full_width elementor-widget elementor-widget-icon-list\" data-id=\"e23e4b3\" data-element_type=\"widget\" data-widget_type=\"icon-list.default\">\n\t\t\t\t<div class=\"elementor-widget-container\">\n\t\t\t\t\t\t\t<ul class=\"elementor-icon-list-items\">\n\t\t\t\t\t\t\t<li class=\"elementor-icon-list-item\">\n\t\t\t\t\t\t\t\t\t\t\t<span class=\"elementor-icon-list-icon\">\n\t\t\t\t\t\t\t<svg xmlns=\"http:\/\/www.w3.org\/2000\/svg\" width=\"12\" height=\"12\" viewbox=\"0 0 12 12\" fill=\"none\"><rect width=\"12\" height=\"12\" fill=\"#F04E23\"><\/rect><\/svg>\t\t\t\t\t\t<\/span>\n\t\t\t\t\t\t\t\t\t\t<span class=\"elementor-icon-list-text\">Payroll Managment   <\/span>\n\t\t\t\t\t\t\t\t\t<\/li>\n\t\t\t\t\t\t<\/ul>\n\t\t\t\t\t\t<\/div>\n\t\t\t\t<\/div>\n\t\t\t\t<div class=\"elementor-element elementor-element-f0d1e02 elementor-widget elementor-widget-heading\" data-id=\"f0d1e02\" data-element_type=\"widget\" data-widget_type=\"heading.default\">\n\t\t\t\t<div class=\"elementor-widget-container\">\n\t\t\t\t\t<h2 class=\"elementor-heading-title elementor-size-default\">We simplify your payroll management, maximizing your time <\/h2>\t\t\t\t<\/div>\n\t\t\t\t<\/div>\n\t\t\t\t<div class=\"elementor-element elementor-element-237c886 elementor-widget elementor-widget-text-editor\" data-id=\"237c886\" data-element_type=\"widget\" data-widget_type=\"text-editor.default\">\n\t\t\t\t<div class=\"elementor-widget-container\">\n\t\t\t\t\t\t\t\t\t<p>AFC specializes in the complete management of payroll processes, from calculation and <br>processing of salaries to the management of deductions and benefits, ensuring <br>legal compliance and accuracy in every payment<\/p>\t\t\t\t\t\t\t\t<\/div>\n\t\t\t\t<\/div>\n\t\t\t\t<div class=\"elementor-element elementor-element-7869e95 elementor-widget elementor-widget-heading\" data-id=\"7869e95\" data-element_type=\"widget\" data-widget_type=\"heading.default\">\n\t\t\t\t<div class=\"elementor-widget-container\">\n\t\t\t\t\t<h2 class=\"elementor-heading-title elementor-size-default\">Our Services: <\/h2>\t\t\t\t<\/div>\n\t\t\t\t<\/div>\n\t\t\t\t<div class=\"elementor-element elementor-element-344cb05 elementor-widget elementor-widget-text-editor\" data-id=\"344cb05\" data-element_type=\"widget\" data-widget_type=\"text-editor.default\">\n\t\t\t\t<div class=\"elementor-widget-container\">\n\t\t\t\t\t\t\t\t\t<ul><li>Calculation and payment of payrolls, withholdings, and associated deductions, including sending the respective payment receipt to each employee in the payroll.<\/li><li>Calculation and payment of Christmas bonuses and sending the respective payment receipts to each employee.<\/li><li>Calculation and payment of labor settlements.<\/li><li>Holiday control.<\/li><li>Preparation, submission and payment of monthly reports to the CCSS and INS.<\/li><li>Preparation, filing and payment of the Withholding Tax Affidavit (D-103).<\/li><li>Preparation and presentation of the annual summary declaration of unique and definitive taxes (D-152).<\/li><li>Preparation of employee documents, such as salary certificates and letters for FCL procedures.<\/li><\/ul>\t\t\t\t\t\t\t\t<\/div>\n\t\t\t\t<\/div>\n\t\t\t\t<\/div>\n\t\t\t\t\t<\/div>\n\t\t\t\t<\/div>\n\t\t<div class=\"elementor-element elementor-element-6f91d47 e-flex e-con-boxed e-con e-parent\" data-id=\"6f91d47\" data-element_type=\"container\" data-settings=\"{&quot;background_background&quot;:&quot;classic&quot;}\">\n\t\t\t\t\t<div class=\"e-con-inner\">\n\t\t<div class=\"elementor-element elementor-element-8d8d6ac e-con-full e-flex e-con e-child\" data-id=\"8d8d6ac\" data-element_type=\"container\">\n\t\t\t\t<div class=\"elementor-element elementor-element-84f630c elementor-widget elementor-widget-heading\" data-id=\"84f630c\" data-element_type=\"widget\" data-widget_type=\"heading.default\">\n\t\t\t\t<div class=\"elementor-widget-container\">\n\t\t\t\t\t<h2 class=\"elementor-heading-title elementor-size-default\">Service Testimonial <\/h2>\t\t\t\t<\/div>\n\t\t\t\t<\/div>\n\t\t\t\t<\/div>\n\t\t<div class=\"elementor-element elementor-element-f8d8cbe e-con-full e-flex e-con e-child\" data-id=\"f8d8cbe\" data-element_type=\"container\">\n\t\t\t\t<div class=\"elementor-element elementor-element-045188a elementor-widget__width-inherit elementor-widget-mobile__width-inherit elementor-widget elementor-widget-text-editor\" data-id=\"045188a\" data-element_type=\"widget\" data-widget_type=\"text-editor.default\">\n\t\t\t\t<div class=\"elementor-widget-container\">\n\t\t\t\t\t\t\t\t\t<div><p>&#8220;<span data-contrast=\"auto\">What I appreciate the most is the level of professionalism, support, and empathy with which the team has worked. This is a firm to which I would give more work and would recommend to other colleagues.<\/span>\"<\/p><\/div>\t\t\t\t\t\t\t\t<\/div>\n\t\t\t\t<\/div>\n\t\t\t\t<div class=\"elementor-element elementor-element-2f048e9 elementor-widget elementor-widget-heading\" data-id=\"2f048e9\" data-element_type=\"widget\" data-widget_type=\"heading.default\">\n\t\t\t\t<div class=\"elementor-widget-container\">\n\t\t\t\t\t<h2 class=\"elementor-heading-title elementor-size-default\">Company in the Technology Industry   <\/h2>\t\t\t\t<\/div>\n\t\t\t\t<\/div>\n\t\t\t\t<\/div>\n\t\t\t\t\t<\/div>\n\t\t\t\t<\/div>\n\t\t\t\t<\/div>","protected":false},"excerpt":{"rendered":"<p>Gesti\u00f3n de N\u00f3minas La experiencia nos respalda. Gesti\u00f3n de n\u00f3minas Simplificamos su gesti\u00f3n de n\u00f3minas, maximizando su tiempo AFC se especializa en la gesti\u00f3n completa de los procesos de n\u00f3minas, desde el c\u00e1lculo y procesamiento de salarios hasta la gesti\u00f3n de deducciones y beneficios, garantizando cumplimiento legal y precisi\u00f3n en cada pago Nuestros servicios: C\u00e1lculo [&hellip;]<\/p>","protected":false},"author":1,"featured_media":0,"parent":0,"menu_order":0,"comment_status":"closed","ping_status":"closed","template":"elementor_header_footer","meta":{"footnotes":""},"class_list":["post-1449","page","type-page","status-publish","hentry"],"_links":{"self":[{"href":"https:\/\/www.afc.cr\/en\/wp-json\/wp\/v2\/pages\/1449","targetHints":{"allow":["GET"]}}],"collection":[{"href":"https:\/\/www.afc.cr\/en\/wp-json\/wp\/v2\/pages"}],"about":[{"href":"https:\/\/www.afc.cr\/en\/wp-json\/wp\/v2\/types\/page"}],"author":[{"embeddable":true,"href":"https:\/\/www.afc.cr\/en\/wp-json\/wp\/v2\/users\/1"}],"replies":[{"embeddable":true,"href":"https:\/\/www.afc.cr\/en\/wp-json\/wp\/v2\/comments?post=1449"}],"version-history":[{"count":73,"href":"https:\/\/www.afc.cr\/en\/wp-json\/wp\/v2\/pages\/1449\/revisions"}],"predecessor-version":[{"id":3673,"href":"https:\/\/www.afc.cr\/en\/wp-json\/wp\/v2\/pages\/1449\/revisions\/3673"}],"wp:attachment":[{"href":"https:\/\/www.afc.cr\/en\/wp-json\/wp\/v2\/media?parent=1449"}],"curies":[{"name":"wp","href":"https:\/\/api.w.org\/{rel}","templated":true}]}}