{"id":1465,"date":"2024-07-23T12:52:49","date_gmt":"2024-07-23T12:52:49","guid":{"rendered":"https:\/\/www.afc.cr\/?page_id=1465"},"modified":"2025-01-24T10:22:04","modified_gmt":"2025-01-24T10:22:04","slug":"servicios-fiduciarios-y-de-custodia","status":"publish","type":"page","link":"https:\/\/www.afc.cr\/en\/servicios-fiduciarios-y-de-custodia\/","title":{"rendered":"Trust and Custody Services\u00a0\u00a0"},"content":{"rendered":"<div data-elementor-type=\"wp-page\" data-elementor-id=\"1465\" class=\"elementor elementor-1465\">\n\t\t\t\t<div class=\"elementor-element elementor-element-c96a2df e-con-full e-flex e-con e-parent\" data-id=\"c96a2df\" data-element_type=\"container\" data-settings=\"{&quot;background_background&quot;:&quot;classic&quot;}\">\n\t\t<div class=\"elementor-element elementor-element-cc74215 e-con-full e-flex e-con e-child\" data-id=\"cc74215\" data-element_type=\"container\">\n\t\t<div class=\"elementor-element elementor-element-c2956d8 e-con-full elementor-hidden-mobile e-flex e-con e-child\" data-id=\"c2956d8\" data-element_type=\"container\">\n\t\t\t\t<\/div>\n\t\t<div class=\"elementor-element elementor-element-1d51382 e-con-full e-flex e-con e-child\" data-id=\"1d51382\" data-element_type=\"container\">\n\t\t<div class=\"elementor-element elementor-element-ca67de2 e-con-full e-flex e-con e-child\" data-id=\"ca67de2\" data-element_type=\"container\">\n\t\t\t\t<div class=\"elementor-element elementor-element-b6db08c elementor-widget__width-initial elementor-widget-divider--view-line elementor-widget elementor-widget-divider\" data-id=\"b6db08c\" data-element_type=\"widget\" data-widget_type=\"divider.default\">\n\t\t\t\t<div class=\"elementor-widget-container\">\n\t\t\t\t\t\t\t<div class=\"elementor-divider\">\n\t\t\t<span class=\"elementor-divider-separator\">\n\t\t\t\t\t\t<\/span>\n\t\t<\/div>\n\t\t\t\t\t\t<\/div>\n\t\t\t\t<\/div>\n\t\t\t\t<div class=\"elementor-element elementor-element-56ca0e5 elementor-widget__width-initial elementor-widget-divider--view-line elementor-widget elementor-widget-divider\" data-id=\"56ca0e5\" data-element_type=\"widget\" data-widget_type=\"divider.default\">\n\t\t\t\t<div class=\"elementor-widget-container\">\n\t\t\t\t\t\t\t<div class=\"elementor-divider\">\n\t\t\t<span class=\"elementor-divider-separator\">\n\t\t\t\t\t\t<\/span>\n\t\t<\/div>\n\t\t\t\t\t\t<\/div>\n\t\t\t\t<\/div>\n\t\t\t\t<\/div>\n\t\t\t\t<div class=\"elementor-element elementor-element-d368766 elementor-widget elementor-widget-heading\" data-id=\"d368766\" data-element_type=\"widget\" data-widget_type=\"heading.default\">\n\t\t\t\t<div class=\"elementor-widget-container\">\n\t\t\t\t\t<h2 class=\"elementor-heading-title elementor-size-default\">Trust &amp; Escrow Services  <\/h2>\t\t\t\t<\/div>\n\t\t\t\t<\/div>\n\t\t\t\t<\/div>\n\t\t\t\t<\/div>\n\t\t\t\t<\/div>\n\t\t<div class=\"elementor-element elementor-element-ee621a1 e-flex e-con-boxed e-con e-parent\" data-id=\"ee621a1\" data-element_type=\"container\" data-settings=\"{&quot;background_background&quot;:&quot;classic&quot;}\">\n\t\t\t\t\t<div class=\"e-con-inner\">\n\t\t<div class=\"elementor-element elementor-element-391ac1b e-con-full e-flex e-con e-child\" data-id=\"391ac1b\" data-element_type=\"container\" data-settings=\"{&quot;background_background&quot;:&quot;classic&quot;}\">\n\t\t<div class=\"elementor-element elementor-element-72bf624 e-con-full e-flex e-con e-child\" data-id=\"72bf624\" data-element_type=\"container\">\n\t\t\t\t<div class=\"elementor-element elementor-element-2ce61e7 elementor-icon-list--layout-traditional elementor-list-item-link-full_width elementor-widget elementor-widget-icon-list\" data-id=\"2ce61e7\" data-element_type=\"widget\" data-widget_type=\"icon-list.default\">\n\t\t\t\t<div class=\"elementor-widget-container\">\n\t\t\t\t\t\t\t<ul class=\"elementor-icon-list-items\">\n\t\t\t\t\t\t\t<li class=\"elementor-icon-list-item\">\n\t\t\t\t\t\t\t\t\t\t\t<span class=\"elementor-icon-list-icon\">\n\t\t\t\t\t\t\t<svg xmlns=\"http:\/\/www.w3.org\/2000\/svg\" width=\"12\" height=\"12\" viewbox=\"0 0 12 12\" fill=\"none\"><rect width=\"12\" height=\"12\" fill=\"#F04E23\"><\/rect><\/svg>\t\t\t\t\t\t<\/span>\n\t\t\t\t\t\t\t\t\t\t<span class=\"elementor-icon-list-text\">Trust &amp; Escrow Services  <\/span>\n\t\t\t\t\t\t\t\t\t<\/li>\n\t\t\t\t\t\t<\/ul>\n\t\t\t\t\t\t<\/div>\n\t\t\t\t<\/div>\n\t\t\t\t<div class=\"elementor-element elementor-element-b57725d elementor-widget elementor-widget-heading\" data-id=\"b57725d\" data-element_type=\"widget\" data-widget_type=\"heading.default\">\n\t\t\t\t<div class=\"elementor-widget-container\">\n\t\t\t\t\t<h2 class=\"elementor-heading-title elementor-size-default\">What inspires our work is your trust <\/h2>\t\t\t\t<\/div>\n\t\t\t\t<\/div>\n\t\t\t\t<div class=\"elementor-element elementor-element-839bd43 elementor-widget elementor-widget-text-editor\" data-id=\"839bd43\" data-element_type=\"widget\" data-widget_type=\"text-editor.default\">\n\t\t\t\t<div class=\"elementor-widget-container\">\n\t\t\t\t\t\t\t\t\t<p>AFC Trust Services, S.A., is a duly registered, supervised, and authorized company by the General Superintendency of Financial Entities (SUGEF), according to Law No. 7786, articles 15 and 15 Bis.<\/p>\n<p>We have over 15 years of experience providing services in Costa Rica with a team of specialized and bilingual professionals. We work through local state and private banking platforms, managing your funds in colones and dollars.<\/p>\n<p>All obtained information is stored in a confidential network with restricted and secure access, respecting the client's privacy.<\/p>\n<p>Our custody service acts as an intermediary, facilitating the transaction, minimizing risks and guaranteeing an efficient process, where all parties comply with their previously agreed obligations.<\/p>\n<p>We securely hold funds until all conditions are met, protecting the interests of both the buyer and the seller.<\/p>\n<p>Our experienced team oversees the process, ensuring it runs smoothly.<\/p>\t\t\t\t\t\t\t\t<\/div>\n\t\t\t\t<\/div>\n\t\t\t\t<div class=\"elementor-element elementor-element-6b3ee8b elementor-widget elementor-widget-heading\" data-id=\"6b3ee8b\" data-element_type=\"widget\" data-widget_type=\"heading.default\">\n\t\t\t\t<div class=\"elementor-widget-container\">\n\t\t\t\t\t<h2 class=\"elementor-heading-title elementor-size-default\">Our Services: <\/h2>\t\t\t\t<\/div>\n\t\t\t\t<\/div>\n\t\t\t\t<div class=\"elementor-element elementor-element-9fcda27 elementor-widget elementor-widget-text-editor\" data-id=\"9fcda27\" data-element_type=\"widget\" data-widget_type=\"text-editor.default\">\n\t\t\t\t<div class=\"elementor-widget-container\">\n\t\t\t\t\t\t\t\t\t<ul><li>Real Estate Transactions (Residential and Commercial).<\/li><li>Maritime, air and land vehicle transactions.<\/li><li>Construction and Repairs.<\/li><li>Mortgage Payments.<\/li><\/ul>\t\t\t\t\t\t\t\t<\/div>\n\t\t\t\t<\/div>\n\t\t\t\t<div class=\"elementor-element elementor-element-8b95ee1 elementor-widget elementor-widget-text-editor\" data-id=\"8b95ee1\" data-element_type=\"widget\" data-widget_type=\"text-editor.default\">\n\t\t\t\t<div class=\"elementor-widget-container\">\n\t\t\t\t\t\t\t\t\t<div><p>\"WARNING: The public is advised that AFC Trust Services, S.A. is supervised only in matters of prevention of money laundering, financing of terrorism, and financing of the proliferation of weapons of mass destruction, and is also subject to binding provisions of the Financial Intelligence Unit of the Costa Rican Institute on Drugs. Therefore, SUGEF does not supervise AFC Trust Services, S.A. in financial matters, nor the businesses it offers, nor its security, stability, or solvency.\"<\/p><\/div>\t\t\t\t\t\t\t\t<\/div>\n\t\t\t\t<\/div>\n\t\t\t\t<\/div>\n\t\t\t\t<\/div>\n\t\t\t\t\t<\/div>\n\t\t\t\t<\/div>\n\t\t<div class=\"elementor-element elementor-element-6a668ea e-flex e-con-boxed e-con e-parent\" data-id=\"6a668ea\" data-element_type=\"container\" data-settings=\"{&quot;background_background&quot;:&quot;classic&quot;}\">\n\t\t\t\t\t<div class=\"e-con-inner\">\n\t\t<div class=\"elementor-element elementor-element-599143d e-con-full e-flex e-con e-child\" data-id=\"599143d\" data-element_type=\"container\">\n\t\t\t\t<div class=\"elementor-element elementor-element-84ad496 elementor-widget elementor-widget-heading\" data-id=\"84ad496\" data-element_type=\"widget\" data-widget_type=\"heading.default\">\n\t\t\t\t<div class=\"elementor-widget-container\">\n\t\t\t\t\t<h2 class=\"elementor-heading-title elementor-size-default\">Service Testimonial <\/h2>\t\t\t\t<\/div>\n\t\t\t\t<\/div>\n\t\t\t\t<\/div>\n\t\t<div class=\"elementor-element elementor-element-53b2ceb e-con-full e-flex e-con e-child\" data-id=\"53b2ceb\" data-element_type=\"container\">\n\t\t\t\t<div class=\"elementor-element elementor-element-849fb8d elementor-widget__width-inherit elementor-widget-mobile__width-inherit elementor-widget elementor-widget-text-editor\" data-id=\"849fb8d\" data-element_type=\"widget\" data-widget_type=\"text-editor.default\">\n\t\t\t\t<div class=\"elementor-widget-container\">\n\t\t\t\t\t\t\t\t\t<div><p>\"I always recommend AFC's services to my real estate clients. With you, the escrow process flows smoothly and quickly. I really enjoy working with your team.\"<\/p><\/div>\t\t\t\t\t\t\t\t<\/div>\n\t\t\t\t<\/div>\n\t\t\t\t<div class=\"elementor-element elementor-element-1eaae68 elementor-widget elementor-widget-heading\" data-id=\"1eaae68\" data-element_type=\"widget\" data-widget_type=\"heading.default\">\n\t\t\t\t<div class=\"elementor-widget-container\">\n\t\t\t\t\t<h3 class=\"elementor-heading-title elementor-size-default\">Real Estate Agent in Costa Rica<\/h3>\t\t\t\t<\/div>\n\t\t\t\t<\/div>\n\t\t\t\t<\/div>\n\t\t\t\t\t<\/div>\n\t\t\t\t<\/div>\n\t\t\t\t<\/div>","protected":false},"excerpt":{"rendered":"<p>Servicios Fiduciarios y de Custodia Servicios fiduciarios y de custodia Lo que inspira nuestro trabajo es su confianza AFC Trust Services, S.A., es una empresa debidamente inscrita, supervisada y autorizada por la Superintendencia General de Entidad Financieras (SUGEF), seg\u00fan la Ley No. 7786, art\u00edculos 15 y 15 Bis. Tenemos m\u00e1s de 15 a\u00f1os de experiencia [&hellip;]<\/p>","protected":false},"author":1,"featured_media":0,"parent":0,"menu_order":0,"comment_status":"closed","ping_status":"closed","template":"elementor_header_footer","meta":{"footnotes":""},"class_list":["post-1465","page","type-page","status-publish","hentry"],"_links":{"self":[{"href":"https:\/\/www.afc.cr\/en\/wp-json\/wp\/v2\/pages\/1465","targetHints":{"allow":["GET"]}}],"collection":[{"href":"https:\/\/www.afc.cr\/en\/wp-json\/wp\/v2\/pages"}],"about":[{"href":"https:\/\/www.afc.cr\/en\/wp-json\/wp\/v2\/types\/page"}],"author":[{"embeddable":true,"href":"https:\/\/www.afc.cr\/en\/wp-json\/wp\/v2\/users\/1"}],"replies":[{"embeddable":true,"href":"https:\/\/www.afc.cr\/en\/wp-json\/wp\/v2\/comments?post=1465"}],"version-history":[{"count":67,"href":"https:\/\/www.afc.cr\/en\/wp-json\/wp\/v2\/pages\/1465\/revisions"}],"predecessor-version":[{"id":3805,"href":"https:\/\/www.afc.cr\/en\/wp-json\/wp\/v2\/pages\/1465\/revisions\/3805"}],"wp:attachment":[{"href":"https:\/\/www.afc.cr\/en\/wp-json\/wp\/v2\/media?parent=1465"}],"curies":[{"name":"wp","href":"https:\/\/api.w.org\/{rel}","templated":true}]}}