{"id":1511,"date":"2024-07-24T04:45:22","date_gmt":"2024-07-24T04:45:22","guid":{"rendered":"https:\/\/www.afc.cr\/?page_id=1511"},"modified":"2025-01-24T10:24:19","modified_gmt":"2025-01-24T10:24:19","slug":"servicios-de-cumplimiento-tributario","status":"publish","type":"page","link":"https:\/\/www.afc.cr\/en\/servicios-de-cumplimiento-tributario\/","title":{"rendered":"Tax Compliance Services"},"content":{"rendered":"<div data-elementor-type=\"wp-page\" data-elementor-id=\"1511\" class=\"elementor elementor-1511\">\n\t\t\t\t<div class=\"elementor-element elementor-element-96645a4 e-con-full e-flex e-con e-parent\" data-id=\"96645a4\" data-element_type=\"container\" data-settings=\"{&quot;background_background&quot;:&quot;classic&quot;}\">\n\t\t<div class=\"elementor-element elementor-element-f84c409 e-con-full e-flex e-con e-child\" data-id=\"f84c409\" data-element_type=\"container\">\n\t\t<div class=\"elementor-element elementor-element-9971cde e-con-full elementor-hidden-mobile e-flex e-con e-child\" data-id=\"9971cde\" data-element_type=\"container\">\n\t\t\t\t<\/div>\n\t\t<div class=\"elementor-element elementor-element-e37e4d0 e-con-full e-flex e-con e-child\" data-id=\"e37e4d0\" data-element_type=\"container\">\n\t\t<div class=\"elementor-element elementor-element-8ea891e e-con-full e-flex e-con e-child\" data-id=\"8ea891e\" data-element_type=\"container\">\n\t\t\t\t<div class=\"elementor-element elementor-element-bb7feda elementor-widget__width-initial elementor-widget-divider--view-line elementor-widget elementor-widget-divider\" data-id=\"bb7feda\" data-element_type=\"widget\" data-widget_type=\"divider.default\">\n\t\t\t\t<div class=\"elementor-widget-container\">\n\t\t\t\t\t\t\t<div class=\"elementor-divider\">\n\t\t\t<span class=\"elementor-divider-separator\">\n\t\t\t\t\t\t<\/span>\n\t\t<\/div>\n\t\t\t\t\t\t<\/div>\n\t\t\t\t<\/div>\n\t\t\t\t<div class=\"elementor-element elementor-element-5bb850d elementor-widget__width-initial elementor-widget-divider--view-line elementor-widget elementor-widget-divider\" data-id=\"5bb850d\" data-element_type=\"widget\" data-widget_type=\"divider.default\">\n\t\t\t\t<div class=\"elementor-widget-container\">\n\t\t\t\t\t\t\t<div class=\"elementor-divider\">\n\t\t\t<span class=\"elementor-divider-separator\">\n\t\t\t\t\t\t<\/span>\n\t\t<\/div>\n\t\t\t\t\t\t<\/div>\n\t\t\t\t<\/div>\n\t\t\t\t<\/div>\n\t\t\t\t<div class=\"elementor-element elementor-element-1523f7e elementor-widget elementor-widget-heading\" data-id=\"1523f7e\" data-element_type=\"widget\" data-widget_type=\"heading.default\">\n\t\t\t\t<div class=\"elementor-widget-container\">\n\t\t\t\t\t<h2 class=\"elementor-heading-title elementor-size-default\">Tax Compliance Services \n<\/h2>\t\t\t\t<\/div>\n\t\t\t\t<\/div>\n\t\t\t\t<\/div>\n\t\t\t\t<\/div>\n\t\t\t\t<\/div>\n\t\t<div class=\"elementor-element elementor-element-74cd816 e-flex e-con-boxed e-con e-parent\" data-id=\"74cd816\" data-element_type=\"container\" data-settings=\"{&quot;background_background&quot;:&quot;classic&quot;}\">\n\t\t\t\t\t<div class=\"e-con-inner\">\n\t\t<div class=\"elementor-element elementor-element-d605618 e-con-full e-flex e-con e-child\" data-id=\"d605618\" data-element_type=\"container\" data-settings=\"{&quot;background_background&quot;:&quot;classic&quot;}\">\n\t\t<div class=\"elementor-element elementor-element-c2b354c e-con-full e-flex e-con e-child\" data-id=\"c2b354c\" data-element_type=\"container\">\n\t\t\t\t<div class=\"elementor-element elementor-element-3075884 elementor-icon-list--layout-traditional elementor-list-item-link-full_width elementor-widget elementor-widget-icon-list\" data-id=\"3075884\" data-element_type=\"widget\" data-widget_type=\"icon-list.default\">\n\t\t\t\t<div class=\"elementor-widget-container\">\n\t\t\t\t\t\t\t<ul class=\"elementor-icon-list-items\">\n\t\t\t\t\t\t\t<li class=\"elementor-icon-list-item\">\n\t\t\t\t\t\t\t\t\t\t\t<span class=\"elementor-icon-list-icon\">\n\t\t\t\t\t\t\t<svg xmlns=\"http:\/\/www.w3.org\/2000\/svg\" width=\"12\" height=\"12\" viewbox=\"0 0 12 12\" fill=\"none\"><rect width=\"12\" height=\"12\" fill=\"#F04E23\"><\/rect><\/svg>\t\t\t\t\t\t<\/span>\n\t\t\t\t\t\t\t\t\t\t<span class=\"elementor-icon-list-text\">Servicios de cumplimiento tributario <\/span>\n\t\t\t\t\t\t\t\t\t<\/li>\n\t\t\t\t\t\t<\/ul>\n\t\t\t\t\t\t<\/div>\n\t\t\t\t<\/div>\n\t\t\t\t<div class=\"elementor-element elementor-element-4bd77f7 elementor-widget elementor-widget-heading\" data-id=\"4bd77f7\" data-element_type=\"widget\" data-widget_type=\"heading.default\">\n\t\t\t\t<div class=\"elementor-widget-container\">\n\t\t\t\t\t<h2 class=\"elementor-heading-title elementor-size-default\">We support you in fulfilling your tax obligations\n<\/h2>\t\t\t\t<\/div>\n\t\t\t\t<\/div>\n\t\t\t\t<div class=\"elementor-element elementor-element-0ebb36e elementor-widget elementor-widget-text-editor\" data-id=\"0ebb36e\" data-element_type=\"widget\" data-widget_type=\"text-editor.default\">\n\t\t\t\t<div class=\"elementor-widget-container\">\n\t\t\t\t\t\t\t\t\t<p>AFC assists companies in properly complying with their tax obligations before the Ministry of Finance. The service includes the preparation, filing, and payment of self-assessed and informational tax returns, according to the applicable frequency.<\/p>\t\t\t\t\t\t\t\t<\/div>\n\t\t\t\t<\/div>\n\t\t\t\t<div class=\"elementor-element elementor-element-4f65a01 elementor-widget elementor-widget-heading\" data-id=\"4f65a01\" data-element_type=\"widget\" data-widget_type=\"heading.default\">\n\t\t\t\t<div class=\"elementor-widget-container\">\n\t\t\t\t\t<h2 class=\"elementor-heading-title elementor-size-default\">Our Services: <\/h2>\t\t\t\t<\/div>\n\t\t\t\t<\/div>\n\t\t\t\t<div class=\"elementor-element elementor-element-46db5d9 elementor-widget elementor-widget-text-editor\" data-id=\"46db5d9\" data-element_type=\"widget\" data-widget_type=\"text-editor.default\">\n\t\t\t\t<div class=\"elementor-widget-container\">\n\t\t\t\t\t\t\t\t\tPreparation, presentation, and payment of the self-assessment and informative declarations required by the Ministry of Finance and Local Governments: \n\t\t\t\t\t\t\t\t<\/div>\n\t\t\t\t<\/div>\n\t\t\t\t<div class=\"elementor-element elementor-element-6b92f13 elementor-widget elementor-widget-text-editor\" data-id=\"6b92f13\" data-element_type=\"widget\" data-widget_type=\"text-editor.default\">\n\t\t\t\t<div class=\"elementor-widget-container\">\n\t\t\t\t\t\t\t\t\t<ul><li>Income Tax Return (D-101).<\/li><li>Partial payments of Income Tax.<\/li><li>Affidavit of withholding tax (D-103).<\/li><li>Real Estate Capital Income Tax (D-125).<\/li><li>Capital Gains Tax (D-149).<\/li><li>Capital Gains and Losses Tax (D-162).<\/li><li>Value Added Tax (D-104 monthly).<\/li><li>Annual information statements of Summary of Clients, Suppliers and Specific Expenses (D-151 if applicable).<\/li><li>Annual Summary Declaration of Withholdings and Single and Final Taxes (D-152).<\/li><li>Informative Declaration of Inactive Legal Entities (D-195).<\/li><li>Affidavit of Value Added Tax for the Special Regime for the Agricultural Sector REA (D-135).<\/li><li>Stamp of. Education and Culture.<\/li><li>Tax on Legal Entities.<\/li><li>Partial payments of Income Tax (D-108 quarterly).<\/li><li>Withholdings from Dependent Personnel Employment and Remittances Abroad (D-103 monthly).<\/li><li>Value Added Tax (D-104 monthly).<\/li><li>Annual information statements of Summary of Clients, Suppliers and Specific Expenses (*D-151 if applicable) and the Annual Summary Statement of Withholdings and Single and Final Taxes (D-152).<\/li><\/ul>\t\t\t\t\t\t\t\t<\/div>\n\t\t\t\t<\/div>\n\t\t\t\t<\/div>\n\t\t\t\t<\/div>\n\t\t\t\t\t<\/div>\n\t\t\t\t<\/div>\n\t\t<div class=\"elementor-element elementor-element-f48064e e-flex e-con-boxed e-con e-parent\" data-id=\"f48064e\" data-element_type=\"container\" data-settings=\"{&quot;background_background&quot;:&quot;classic&quot;}\">\n\t\t\t\t\t<div class=\"e-con-inner\">\n\t\t<div class=\"elementor-element elementor-element-2558970 e-con-full e-flex e-con e-child\" data-id=\"2558970\" data-element_type=\"container\">\n\t\t\t\t<div class=\"elementor-element elementor-element-4a3a213 elementor-widget elementor-widget-heading\" data-id=\"4a3a213\" data-element_type=\"widget\" data-widget_type=\"heading.default\">\n\t\t\t\t<div class=\"elementor-widget-container\">\n\t\t\t\t\t<h2 class=\"elementor-heading-title elementor-size-default\">Service Testimonial <\/h2>\t\t\t\t<\/div>\n\t\t\t\t<\/div>\n\t\t\t\t<\/div>\n\t\t<div class=\"elementor-element elementor-element-095332c e-con-full e-flex e-con e-child\" data-id=\"095332c\" data-element_type=\"container\">\n\t\t\t\t<div class=\"elementor-element elementor-element-22ec22f elementor-widget__width-inherit elementor-widget-mobile__width-inherit elementor-widget elementor-widget-text-editor\" data-id=\"22ec22f\" data-element_type=\"widget\" data-widget_type=\"text-editor.default\">\n\t\t\t\t<div class=\"elementor-widget-container\">\n\t\t\t\t\t\t\t\t\t<div><p>\"We are very grateful for your punctuality and professionalism in the different work processes, as it allows us to stay up to date with the requirements we have with Procomer, Hacienda, CCSS, and INS.\"<\/p><\/div>\t\t\t\t\t\t\t\t<\/div>\n\t\t\t\t<\/div>\n\t\t\t\t<div class=\"elementor-element elementor-element-defdafb elementor-widget elementor-widget-heading\" data-id=\"defdafb\" data-element_type=\"widget\" data-widget_type=\"heading.default\">\n\t\t\t\t<div class=\"elementor-widget-container\">\n\t\t\t\t\t<h3 class=\"elementor-heading-title elementor-size-default\">Company in the Electronic Manufacturing Industry<\/h3>\t\t\t\t<\/div>\n\t\t\t\t<\/div>\n\t\t\t\t<\/div>\n\t\t\t\t\t<\/div>\n\t\t\t\t<\/div>\n\t\t\t\t<\/div>","protected":false},"excerpt":{"rendered":"<p>Servicios de Cumplimiento Tributario Servicios de cumplimiento tributario Los apoyamos en el cumplimiento de sus obligaciones tributarias AFC asiste a las empresas en el debido cumplimiento de sus obligaciones tributarias ante el Ministerio de Hacienda. El servicio incluye la preparaci\u00f3n, presentaci\u00f3n y pago de las declaraciones autoliquidativas e informativas, seg\u00fan la periodicidad correspondiente. Nuestros servicios: [&hellip;]<\/p>","protected":false},"author":1,"featured_media":0,"parent":0,"menu_order":0,"comment_status":"closed","ping_status":"closed","template":"elementor_header_footer","meta":{"footnotes":""},"class_list":["post-1511","page","type-page","status-publish","hentry"],"_links":{"self":[{"href":"https:\/\/www.afc.cr\/en\/wp-json\/wp\/v2\/pages\/1511","targetHints":{"allow":["GET"]}}],"collection":[{"href":"https:\/\/www.afc.cr\/en\/wp-json\/wp\/v2\/pages"}],"about":[{"href":"https:\/\/www.afc.cr\/en\/wp-json\/wp\/v2\/types\/page"}],"author":[{"embeddable":true,"href":"https:\/\/www.afc.cr\/en\/wp-json\/wp\/v2\/users\/1"}],"replies":[{"embeddable":true,"href":"https:\/\/www.afc.cr\/en\/wp-json\/wp\/v2\/comments?post=1511"}],"version-history":[{"count":58,"href":"https:\/\/www.afc.cr\/en\/wp-json\/wp\/v2\/pages\/1511\/revisions"}],"predecessor-version":[{"id":3808,"href":"https:\/\/www.afc.cr\/en\/wp-json\/wp\/v2\/pages\/1511\/revisions\/3808"}],"wp:attachment":[{"href":"https:\/\/www.afc.cr\/en\/wp-json\/wp\/v2\/media?parent=1511"}],"curies":[{"name":"wp","href":"https:\/\/api.w.org\/{rel}","templated":true}]}}