{"id":1530,"date":"2024-07-24T05:14:09","date_gmt":"2024-07-24T05:14:09","guid":{"rendered":"https:\/\/www.afc.cr\/?page_id=1530"},"modified":"2025-01-24T10:32:55","modified_gmt":"2025-01-24T10:32:55","slug":"servicios-de-tesoreria","status":"publish","type":"page","link":"https:\/\/www.afc.cr\/en\/servicios-de-tesoreria\/","title":{"rendered":"Treasury Services"},"content":{"rendered":"<div data-elementor-type=\"wp-page\" data-elementor-id=\"1530\" class=\"elementor elementor-1530\">\n\t\t\t\t<div class=\"elementor-element elementor-element-c28dbf4 e-con-full e-flex e-con e-parent\" data-id=\"c28dbf4\" data-element_type=\"container\" data-settings=\"{&quot;background_background&quot;:&quot;classic&quot;}\">\n\t\t<div class=\"elementor-element elementor-element-7cb2f90 e-con-full e-flex e-con e-child\" data-id=\"7cb2f90\" data-element_type=\"container\">\n\t\t<div class=\"elementor-element elementor-element-fbfb888 e-con-full elementor-hidden-mobile e-flex e-con e-child\" data-id=\"fbfb888\" data-element_type=\"container\">\n\t\t\t\t<\/div>\n\t\t<div class=\"elementor-element elementor-element-9ab32c3 e-con-full e-flex e-con e-child\" data-id=\"9ab32c3\" data-element_type=\"container\">\n\t\t<div class=\"elementor-element elementor-element-1fcaf2f e-con-full e-flex e-con e-child\" data-id=\"1fcaf2f\" data-element_type=\"container\">\n\t\t\t\t<div class=\"elementor-element elementor-element-5de365b elementor-widget__width-initial elementor-widget-divider--view-line elementor-widget elementor-widget-divider\" data-id=\"5de365b\" data-element_type=\"widget\" data-widget_type=\"divider.default\">\n\t\t\t\t<div class=\"elementor-widget-container\">\n\t\t\t\t\t\t\t<div class=\"elementor-divider\">\n\t\t\t<span class=\"elementor-divider-separator\">\n\t\t\t\t\t\t<\/span>\n\t\t<\/div>\n\t\t\t\t\t\t<\/div>\n\t\t\t\t<\/div>\n\t\t\t\t<div class=\"elementor-element elementor-element-4d18d61 elementor-widget__width-initial elementor-widget-divider--view-line elementor-widget elementor-widget-divider\" data-id=\"4d18d61\" data-element_type=\"widget\" data-widget_type=\"divider.default\">\n\t\t\t\t<div class=\"elementor-widget-container\">\n\t\t\t\t\t\t\t<div class=\"elementor-divider\">\n\t\t\t<span class=\"elementor-divider-separator\">\n\t\t\t\t\t\t<\/span>\n\t\t<\/div>\n\t\t\t\t\t\t<\/div>\n\t\t\t\t<\/div>\n\t\t\t\t<\/div>\n\t\t\t\t<div class=\"elementor-element elementor-element-66e3c8e elementor-widget elementor-widget-heading\" data-id=\"66e3c8e\" data-element_type=\"widget\" data-widget_type=\"heading.default\">\n\t\t\t\t<div class=\"elementor-widget-container\">\n\t\t\t\t\t<h2 class=\"elementor-heading-title elementor-size-default\">Treasury Services \n\n<\/h2>\t\t\t\t<\/div>\n\t\t\t\t<\/div>\n\t\t\t\t<\/div>\n\t\t\t\t<\/div>\n\t\t\t\t<\/div>\n\t\t<div class=\"elementor-element elementor-element-218e043 e-flex e-con-boxed e-con e-parent\" data-id=\"218e043\" data-element_type=\"container\" data-settings=\"{&quot;background_background&quot;:&quot;classic&quot;}\">\n\t\t\t\t\t<div class=\"e-con-inner\">\n\t\t<div class=\"elementor-element elementor-element-8cd5bde e-con-full e-flex e-con e-child\" data-id=\"8cd5bde\" data-element_type=\"container\" data-settings=\"{&quot;background_background&quot;:&quot;classic&quot;}\">\n\t\t<div class=\"elementor-element elementor-element-d981d8e e-con-full e-flex e-con e-child\" data-id=\"d981d8e\" data-element_type=\"container\">\n\t\t\t\t<div class=\"elementor-element elementor-element-db09c51 elementor-icon-list--layout-traditional elementor-list-item-link-full_width elementor-widget elementor-widget-icon-list\" data-id=\"db09c51\" data-element_type=\"widget\" data-widget_type=\"icon-list.default\">\n\t\t\t\t<div class=\"elementor-widget-container\">\n\t\t\t\t\t\t\t<ul class=\"elementor-icon-list-items\">\n\t\t\t\t\t\t\t<li class=\"elementor-icon-list-item\">\n\t\t\t\t\t\t\t\t\t\t\t<span class=\"elementor-icon-list-icon\">\n\t\t\t\t\t\t\t<svg xmlns=\"http:\/\/www.w3.org\/2000\/svg\" width=\"12\" height=\"12\" viewbox=\"0 0 12 12\" fill=\"none\"><rect width=\"12\" height=\"12\" fill=\"#F04E23\"><\/rect><\/svg>\t\t\t\t\t\t<\/span>\n\t\t\t\t\t\t\t\t\t\t<span class=\"elementor-icon-list-text\">Treasury Services <\/span>\n\t\t\t\t\t\t\t\t\t<\/li>\n\t\t\t\t\t\t<\/ul>\n\t\t\t\t\t\t<\/div>\n\t\t\t\t<\/div>\n\t\t\t\t<div class=\"elementor-element elementor-element-755bb8e elementor-widget elementor-widget-heading\" data-id=\"755bb8e\" data-element_type=\"widget\" data-widget_type=\"heading.default\">\n\t\t\t\t<div class=\"elementor-widget-container\">\n\t\t\t\t\t<h2 class=\"elementor-heading-title elementor-size-default\">Security and efficiency in every payment<\/h2>\t\t\t\t<\/div>\n\t\t\t\t<\/div>\n\t\t\t\t<div class=\"elementor-element elementor-element-d8d202e elementor-widget elementor-widget-text-editor\" data-id=\"d8d202e\" data-element_type=\"widget\" data-widget_type=\"text-editor.default\">\n\t\t\t\t<div class=\"elementor-widget-container\">\n\t\t\t\t\t\t\t\t\t<div><p>We offer treasury and payment management services to manage your funds. Either using your own accounts or signing up for an AFC Trust Services, S.A. account. optimizing your operations and transactions in Costa Rica.<\/p><\/div>\t\t\t\t\t\t\t\t<\/div>\n\t\t\t\t<\/div>\n\t\t\t\t<div class=\"elementor-element elementor-element-d6cadcf elementor-widget elementor-widget-heading\" data-id=\"d6cadcf\" data-element_type=\"widget\" data-widget_type=\"heading.default\">\n\t\t\t\t<div class=\"elementor-widget-container\">\n\t\t\t\t\t<div class=\"elementor-heading-title elementor-size-default\">Our Services: <\/div>\t\t\t\t<\/div>\n\t\t\t\t<\/div>\n\t\t\t\t<div class=\"elementor-element elementor-element-0d00520 elementor-widget elementor-widget-text-editor\" data-id=\"0d00520\" data-element_type=\"widget\" data-widget_type=\"text-editor.default\">\n\t\t\t\t<div class=\"elementor-widget-container\">\n\t\t\t\t\t\t\t\t\t<div>Preparation, submission and payment of self-assessment and information declarations required by the Ministry of Finance:<\/div>\t\t\t\t\t\t\t\t<\/div>\n\t\t\t\t<\/div>\n\t\t\t\t<div class=\"elementor-element elementor-element-4e8c907 elementor-widget elementor-widget-text-editor\" data-id=\"4e8c907\" data-element_type=\"widget\" data-widget_type=\"text-editor.default\">\n\t\t\t\t<div class=\"elementor-widget-container\">\n\t\t\t\t\t\t\t\t\t<div><ul>\n \t<li>Payroll Payment.<\/li>\n \t<li>Cancellation of employer obligations to the Costa Rican Social Security Fund (CCSS).<\/li>\n \t<li>INS Workers' Compensation Insurance Payments.<\/li>\n \t<li>Cancellation of Income Tax Returns.<\/li>\n \t<li>Payment of Suppliers.<\/li>\n \t<li>Consultation and Payment of Public Services, Government and Municipalities, Judicial, Taxes, among others.<\/li>\n \t<li>Credit Card Payments.<\/li>\n \t<li>Local and international transfers.<\/li>\n \t<li>Generation of monthly account statements and transfer receipts.<\/li>\n<\/ul>\n<\/div>\t\t\t\t\t\t\t\t<\/div>\n\t\t\t\t<\/div>\n\t\t\t\t<\/div>\n\t\t\t\t<\/div>\n\t\t\t\t\t<\/div>\n\t\t\t\t<\/div>\n\t\t<div class=\"elementor-element elementor-element-01ba8e8 e-flex e-con-boxed e-con e-parent\" data-id=\"01ba8e8\" data-element_type=\"container\" data-settings=\"{&quot;background_background&quot;:&quot;classic&quot;}\">\n\t\t\t\t\t<div class=\"e-con-inner\">\n\t\t<div class=\"elementor-element elementor-element-4bcc521 e-con-full e-flex e-con e-child\" data-id=\"4bcc521\" data-element_type=\"container\">\n\t\t\t\t<div class=\"elementor-element elementor-element-f5a6fab elementor-widget elementor-widget-heading\" data-id=\"f5a6fab\" data-element_type=\"widget\" data-widget_type=\"heading.default\">\n\t\t\t\t<div class=\"elementor-widget-container\">\n\t\t\t\t\t<h2 class=\"elementor-heading-title elementor-size-default\">Service Testimonial <\/h2>\t\t\t\t<\/div>\n\t\t\t\t<\/div>\n\t\t\t\t<\/div>\n\t\t<div class=\"elementor-element elementor-element-f8d7348 e-con-full e-flex e-con e-child\" data-id=\"f8d7348\" data-element_type=\"container\">\n\t\t\t\t<div class=\"elementor-element elementor-element-7c19420 elementor-widget__width-inherit elementor-widget-mobile__width-inherit elementor-widget elementor-widget-text-editor\" data-id=\"7c19420\" data-element_type=\"widget\" data-widget_type=\"text-editor.default\">\n\t\t\t\t<div class=\"elementor-widget-container\">\n\t\t\t\t\t\t\t\t\t<div><p>\u201cThe treatment and professionalism of all the AFC people with whom I have had the pleasure of dealing was very pleasant.\u201d<\/p><\/div>\t\t\t\t\t\t\t\t<\/div>\n\t\t\t\t<\/div>\n\t\t\t\t<div class=\"elementor-element elementor-element-6535448 elementor-widget elementor-widget-heading\" data-id=\"6535448\" data-element_type=\"widget\" data-widget_type=\"heading.default\">\n\t\t\t\t<div class=\"elementor-widget-container\">\n\t\t\t\t\t<h3 class=\"elementor-heading-title elementor-size-default\">Company in Information Technology Industry<\/h3>\t\t\t\t<\/div>\n\t\t\t\t<\/div>\n\t\t\t\t<\/div>\n\t\t\t\t\t<\/div>\n\t\t\t\t<\/div>\n\t\t<div class=\"elementor-element elementor-element-a160e3d e-flex e-con-boxed e-con e-parent\" data-id=\"a160e3d\" data-element_type=\"container\">\n\t\t\t\t\t<div class=\"e-con-inner\">\n\t\t\t\t\t<\/div>\n\t\t\t\t<\/div>\n\t\t\t\t<\/div>","protected":false},"excerpt":{"rendered":"<p>Servicios de Tesorer\u00eda Servicios de tesorer\u00eda Seguridad y eficiencia en cada pago Ofrecemos el servicio de tesorer\u00eda y gesti\u00f3n de pagos para el manejo de sus fondos. Ya sea utilizando sus propias cuentas o contratando una cuenta de AFC Trust Services, S.A. optimizando sus operaciones y transacciones en Costa Rica. Nuestros servicios: Preparaci\u00f3n, presentaci\u00f3n y [&hellip;]<\/p>","protected":false},"author":1,"featured_media":0,"parent":0,"menu_order":0,"comment_status":"closed","ping_status":"closed","template":"elementor_header_footer","meta":{"footnotes":""},"class_list":["post-1530","page","type-page","status-publish","hentry"],"_links":{"self":[{"href":"https:\/\/www.afc.cr\/en\/wp-json\/wp\/v2\/pages\/1530","targetHints":{"allow":["GET"]}}],"collection":[{"href":"https:\/\/www.afc.cr\/en\/wp-json\/wp\/v2\/pages"}],"about":[{"href":"https:\/\/www.afc.cr\/en\/wp-json\/wp\/v2\/types\/page"}],"author":[{"embeddable":true,"href":"https:\/\/www.afc.cr\/en\/wp-json\/wp\/v2\/users\/1"}],"replies":[{"embeddable":true,"href":"https:\/\/www.afc.cr\/en\/wp-json\/wp\/v2\/comments?post=1530"}],"version-history":[{"count":133,"href":"https:\/\/www.afc.cr\/en\/wp-json\/wp\/v2\/pages\/1530\/revisions"}],"predecessor-version":[{"id":3821,"href":"https:\/\/www.afc.cr\/en\/wp-json\/wp\/v2\/pages\/1530\/revisions\/3821"}],"wp:attachment":[{"href":"https:\/\/www.afc.cr\/en\/wp-json\/wp\/v2\/media?parent=1530"}],"curies":[{"name":"wp","href":"https:\/\/api.w.org\/{rel}","templated":true}]}}