{"id":1549,"date":"2024-07-24T05:34:52","date_gmt":"2024-07-24T05:34:52","guid":{"rendered":"https:\/\/www.afc.cr\/?page_id=1549"},"modified":"2025-10-01T18:33:38","modified_gmt":"2025-10-01T18:33:38","slug":"servicios-de-zona-franca","status":"publish","type":"page","link":"https:\/\/www.afc.cr\/en\/servicios-de-zona-franca\/","title":{"rendered":"Free Trade Zone Services"},"content":{"rendered":"<div data-elementor-type=\"wp-page\" data-elementor-id=\"1549\" class=\"elementor elementor-1549\">\n\t\t\t\t<div class=\"elementor-element elementor-element-753de74 e-con-full e-flex e-con e-parent\" data-id=\"753de74\" data-element_type=\"container\" data-settings=\"{&quot;background_background&quot;:&quot;classic&quot;}\">\n\t\t<div class=\"elementor-element elementor-element-1267525 e-con-full e-flex e-con e-child\" data-id=\"1267525\" data-element_type=\"container\">\n\t\t<div class=\"elementor-element elementor-element-a670518 e-con-full elementor-hidden-mobile e-flex e-con e-child\" data-id=\"a670518\" data-element_type=\"container\">\n\t\t\t\t<\/div>\n\t\t<div class=\"elementor-element elementor-element-3af9931 e-con-full e-flex e-con e-child\" data-id=\"3af9931\" data-element_type=\"container\">\n\t\t<div class=\"elementor-element elementor-element-91d8961 e-con-full e-flex e-con e-child\" data-id=\"91d8961\" data-element_type=\"container\">\n\t\t\t\t<div class=\"elementor-element elementor-element-f6f3feb elementor-widget__width-initial elementor-widget-divider--view-line elementor-widget elementor-widget-divider\" data-id=\"f6f3feb\" data-element_type=\"widget\" data-widget_type=\"divider.default\">\n\t\t\t\t<div class=\"elementor-widget-container\">\n\t\t\t\t\t\t\t<div class=\"elementor-divider\">\n\t\t\t<span class=\"elementor-divider-separator\">\n\t\t\t\t\t\t<\/span>\n\t\t<\/div>\n\t\t\t\t\t\t<\/div>\n\t\t\t\t<\/div>\n\t\t\t\t<div class=\"elementor-element elementor-element-4973125 elementor-widget__width-initial elementor-widget-divider--view-line elementor-widget elementor-widget-divider\" data-id=\"4973125\" data-element_type=\"widget\" data-widget_type=\"divider.default\">\n\t\t\t\t<div class=\"elementor-widget-container\">\n\t\t\t\t\t\t\t<div class=\"elementor-divider\">\n\t\t\t<span class=\"elementor-divider-separator\">\n\t\t\t\t\t\t<\/span>\n\t\t<\/div>\n\t\t\t\t\t\t<\/div>\n\t\t\t\t<\/div>\n\t\t\t\t<\/div>\n\t\t\t\t<div class=\"elementor-element elementor-element-0c00fb6 elementor-widget elementor-widget-heading\" data-id=\"0c00fb6\" data-element_type=\"widget\" data-widget_type=\"heading.default\">\n\t\t\t\t<div class=\"elementor-widget-container\">\n\t\t\t\t\t<h2 class=\"elementor-heading-title elementor-size-default\">Free Trade Zone Services\n\n<\/h2>\t\t\t\t<\/div>\n\t\t\t\t<\/div>\n\t\t\t\t<\/div>\n\t\t\t\t<\/div>\n\t\t\t\t<\/div>\n\t\t<div class=\"elementor-element elementor-element-3abb6b5 e-flex e-con-boxed e-con e-parent\" data-id=\"3abb6b5\" data-element_type=\"container\" data-settings=\"{&quot;background_background&quot;:&quot;classic&quot;}\">\n\t\t\t\t\t<div class=\"e-con-inner\">\n\t\t<div class=\"elementor-element elementor-element-48b2c7d e-con-full e-flex e-con e-child\" data-id=\"48b2c7d\" data-element_type=\"container\" data-settings=\"{&quot;background_background&quot;:&quot;classic&quot;}\">\n\t\t<div class=\"elementor-element elementor-element-d13e4d4 e-con-full e-flex e-con e-child\" data-id=\"d13e4d4\" data-element_type=\"container\">\n\t\t\t\t<div class=\"elementor-element elementor-element-2b71c76 elementor-icon-list--layout-traditional elementor-list-item-link-full_width elementor-widget elementor-widget-icon-list\" data-id=\"2b71c76\" data-element_type=\"widget\" data-widget_type=\"icon-list.default\">\n\t\t\t\t<div class=\"elementor-widget-container\">\n\t\t\t\t\t\t\t<ul class=\"elementor-icon-list-items\">\n\t\t\t\t\t\t\t<li class=\"elementor-icon-list-item\">\n\t\t\t\t\t\t\t\t\t\t\t<span class=\"elementor-icon-list-icon\">\n\t\t\t\t\t\t\t<svg xmlns=\"http:\/\/www.w3.org\/2000\/svg\" width=\"12\" height=\"12\" viewbox=\"0 0 12 12\" fill=\"none\"><rect width=\"12\" height=\"12\" fill=\"#F04E23\"><\/rect><\/svg>\t\t\t\t\t\t<\/span>\n\t\t\t\t\t\t\t\t\t\t<span class=\"elementor-icon-list-text\">Free Trade Zone Services<\/span>\n\t\t\t\t\t\t\t\t\t<\/li>\n\t\t\t\t\t\t<\/ul>\n\t\t\t\t\t\t<\/div>\n\t\t\t\t<\/div>\n\t\t\t\t<div class=\"elementor-element elementor-element-31ef959 elementor-widget elementor-widget-heading\" data-id=\"31ef959\" data-element_type=\"widget\" data-widget_type=\"heading.default\">\n\t\t\t\t<div class=\"elementor-widget-container\">\n\t\t\t\t\t<h2 class=\"elementor-heading-title elementor-size-default\">We provide support and advice in your Free Trade Zone processes.<\/h2>\t\t\t\t<\/div>\n\t\t\t\t<\/div>\n\t\t\t\t<div class=\"elementor-element elementor-element-6a23a2e elementor-widget elementor-widget-text-editor\" data-id=\"6a23a2e\" data-element_type=\"widget\" data-widget_type=\"text-editor.default\">\n\t\t\t\t<div class=\"elementor-widget-container\">\n\t\t\t\t\t\t\t\t\t<p>AFC specializes in serving companies in the Free Trade Zone Regime and assists its clients with a wide range of compliance services. We provide advice and support in all procedures before Procomer, Comex and other related entities.<\/p>\n<p>For our clients, we have developed custom software tools for better decision-making regarding the company's compliance established in its Executive Agreement, as well as the presentation of reports to government entities and official organizations.<\/p>\t\t\t\t\t\t\t\t<\/div>\n\t\t\t\t<\/div>\n\t\t\t\t<div class=\"elementor-element elementor-element-83e553b elementor-widget elementor-widget-heading\" data-id=\"83e553b\" data-element_type=\"widget\" data-widget_type=\"heading.default\">\n\t\t\t\t<div class=\"elementor-widget-container\">\n\t\t\t\t\t<h2 class=\"elementor-heading-title elementor-size-default\">Our Services: <\/h2>\t\t\t\t<\/div>\n\t\t\t\t<\/div>\n\t\t\t\t<div class=\"elementor-element elementor-element-7ce8ff2 elementor-widget elementor-widget-text-editor\" data-id=\"7ce8ff2\" data-element_type=\"widget\" data-widget_type=\"text-editor.default\">\n\t\t\t\t<div class=\"elementor-widget-container\">\n\t\t\t\t\t\t\t\t\tPreparation, presentation, and payment of the self-assessment and informative declarations required by the Ministry of Finance and Local Governments: \n\t\t\t\t\t\t\t\t<\/div>\n\t\t\t\t<\/div>\n\t\t\t\t<div class=\"elementor-element elementor-element-9cc3701 elementor-widget elementor-widget-text-editor\" data-id=\"9cc3701\" data-element_type=\"widget\" data-widget_type=\"text-editor.default\">\n\t\t\t\t<div class=\"elementor-widget-container\">\n\t\t\t\t\t\t\t\t\t<ul><li>Application for Entry into the Regime.<\/li><li>Advice on compliance with the Regime.<\/li><li>Annual Operations Report.<\/li><li>Support in Procomer Audits.<\/li><li>Compliance Audits.<\/li><li>Fixed Asset Management.<\/li><li>Physical Inventories of Fixed Assets.<\/li><li>Lifting and Reconstruction of Auxiliary Fixed Assets.<\/li><li>Investment Compliance Analysis.<\/li><li>Asset Destruction, Donation and Recycling Processes.<\/li><li>Tax Payment Assistance.<\/li><li>Fixed Asset Management Software (FAMS), include link to FAMS page.<\/li><li>Modifications to the Regime.<\/li><li>Closing of operations and exit from the Regime.<\/li><\/ul>\t\t\t\t\t\t\t\t<\/div>\n\t\t\t\t<\/div>\n\t\t\t\t<\/div>\n\t\t\t\t<\/div>\n\t\t\t\t\t<\/div>\n\t\t\t\t<\/div>\n\t\t<div class=\"elementor-element elementor-element-3a07eee e-flex e-con-boxed e-con e-parent\" data-id=\"3a07eee\" data-element_type=\"container\" data-settings=\"{&quot;background_background&quot;:&quot;classic&quot;}\">\n\t\t\t\t\t<div class=\"e-con-inner\">\n\t\t<div class=\"elementor-element elementor-element-44a4e15 e-con-full e-flex e-con e-child\" data-id=\"44a4e15\" data-element_type=\"container\">\n\t\t\t\t<div class=\"elementor-element elementor-element-d465075 elementor-widget elementor-widget-heading\" data-id=\"d465075\" data-element_type=\"widget\" data-widget_type=\"heading.default\">\n\t\t\t\t<div class=\"elementor-widget-container\">\n\t\t\t\t\t<h2 class=\"elementor-heading-title elementor-size-default\">Service Testimonial <\/h2>\t\t\t\t<\/div>\n\t\t\t\t<\/div>\n\t\t\t\t<\/div>\n\t\t<div class=\"elementor-element elementor-element-63a5a9e e-con-full e-flex e-con e-child\" data-id=\"63a5a9e\" data-element_type=\"container\">\n\t\t\t\t<div class=\"elementor-element elementor-element-5593c19 elementor-widget__width-inherit elementor-widget-mobile__width-inherit elementor-widget elementor-widget-text-editor\" data-id=\"5593c19\" data-element_type=\"widget\" data-widget_type=\"text-editor.default\">\n\t\t\t\t<div class=\"elementor-widget-container\">\n\t\t\t\t\t\t\t\t\t<div><p>\u201cI think the service from the free trade zone team has been spectacular. They have become a key piece for us to comply with the Free Zone requirements\u201d<\/p><\/div>\t\t\t\t\t\t\t\t<\/div>\n\t\t\t\t<\/div>\n\t\t\t\t<div class=\"elementor-element elementor-element-06f8979 elementor-widget elementor-widget-heading\" data-id=\"06f8979\" data-element_type=\"widget\" data-widget_type=\"heading.default\">\n\t\t\t\t<div class=\"elementor-widget-container\">\n\t\t\t\t\t<h2 class=\"elementor-heading-title elementor-size-default\">Company in Pharmaceutical Industry <\/h2>\t\t\t\t<\/div>\n\t\t\t\t<\/div>\n\t\t\t\t<\/div>\n\t\t\t\t\t<\/div>\n\t\t\t\t<\/div>\n\t\t\t\t<\/div>","protected":false},"excerpt":{"rendered":"<p>Servicios de Zona Franca Servicios de Zona Franca Brindamos acompa\u00f1amiento y asesor\u00eda en sus procesos de Zona Franca. AFC se especializa en la atenci\u00f3n de las empresas del R\u00e9gimen de Zona Franca y ayuda a sus clientes en una amplia gama de servicios de cumplimiento. Brindamos asesor\u00eda y acompa\u00f1amiento en todos los tr\u00e1mites ante Procomer, [&hellip;]<\/p>","protected":false},"author":1,"featured_media":0,"parent":0,"menu_order":0,"comment_status":"closed","ping_status":"closed","template":"elementor_header_footer","meta":{"footnotes":""},"class_list":["post-1549","page","type-page","status-publish","hentry"],"_links":{"self":[{"href":"https:\/\/www.afc.cr\/en\/wp-json\/wp\/v2\/pages\/1549","targetHints":{"allow":["GET"]}}],"collection":[{"href":"https:\/\/www.afc.cr\/en\/wp-json\/wp\/v2\/pages"}],"about":[{"href":"https:\/\/www.afc.cr\/en\/wp-json\/wp\/v2\/types\/page"}],"author":[{"embeddable":true,"href":"https:\/\/www.afc.cr\/en\/wp-json\/wp\/v2\/users\/1"}],"replies":[{"embeddable":true,"href":"https:\/\/www.afc.cr\/en\/wp-json\/wp\/v2\/comments?post=1549"}],"version-history":[{"count":61,"href":"https:\/\/www.afc.cr\/en\/wp-json\/wp\/v2\/pages\/1549\/revisions"}],"predecessor-version":[{"id":3894,"href":"https:\/\/www.afc.cr\/en\/wp-json\/wp\/v2\/pages\/1549\/revisions\/3894"}],"wp:attachment":[{"href":"https:\/\/www.afc.cr\/en\/wp-json\/wp\/v2\/media?parent=1549"}],"curies":[{"name":"wp","href":"https:\/\/api.w.org\/{rel}","templated":true}]}}