{"id":4277,"date":"2026-01-29T04:25:12","date_gmt":"2026-01-29T04:25:12","guid":{"rendered":"https:\/\/www.afc.cr\/?page_id=4277"},"modified":"2026-01-30T03:42:37","modified_gmt":"2026-01-30T03:42:37","slug":"reclutamiento-y-seleccion-de-talento","status":"publish","type":"page","link":"https:\/\/www.afc.cr\/en\/reclutamiento-y-seleccion-de-talento\/","title":{"rendered":"Recruitment and Talent Selection"},"content":{"rendered":"<div data-elementor-type=\"wp-page\" data-elementor-id=\"4277\" class=\"elementor elementor-4277\">\n\t\t\t\t<div class=\"elementor-element elementor-element-21fe02f e-con-full e-flex e-con e-parent\" data-id=\"21fe02f\" data-element_type=\"container\" data-settings=\"{&quot;background_background&quot;:&quot;classic&quot;}\">\n\t\t<div class=\"elementor-element elementor-element-b38a356 e-con-full e-flex e-con e-child\" data-id=\"b38a356\" data-element_type=\"container\">\n\t\t<div class=\"elementor-element elementor-element-bfbdcf6 e-con-full elementor-hidden-mobile e-flex e-con e-child\" data-id=\"bfbdcf6\" data-element_type=\"container\">\n\t\t\t\t<\/div>\n\t\t<div class=\"elementor-element elementor-element-8e8e4cf e-con-full e-flex e-con e-child\" data-id=\"8e8e4cf\" data-element_type=\"container\">\n\t\t<div class=\"elementor-element elementor-element-d9f9482 e-con-full e-flex e-con e-child\" data-id=\"d9f9482\" data-element_type=\"container\">\n\t\t\t\t<div class=\"elementor-element elementor-element-6ae6b13 elementor-widget__width-initial elementor-widget-divider--view-line elementor-widget elementor-widget-divider\" data-id=\"6ae6b13\" data-element_type=\"widget\" data-widget_type=\"divider.default\">\n\t\t\t\t<div class=\"elementor-widget-container\">\n\t\t\t\t\t\t\t<div class=\"elementor-divider\">\n\t\t\t<span class=\"elementor-divider-separator\">\n\t\t\t\t\t\t<\/span>\n\t\t<\/div>\n\t\t\t\t\t\t<\/div>\n\t\t\t\t<\/div>\n\t\t\t\t<div class=\"elementor-element elementor-element-8747d3c elementor-widget__width-initial elementor-widget-divider--view-line elementor-widget elementor-widget-divider\" data-id=\"8747d3c\" data-element_type=\"widget\" data-widget_type=\"divider.default\">\n\t\t\t\t<div class=\"elementor-widget-container\">\n\t\t\t\t\t\t\t<div class=\"elementor-divider\">\n\t\t\t<span class=\"elementor-divider-separator\">\n\t\t\t\t\t\t<\/span>\n\t\t<\/div>\n\t\t\t\t\t\t<\/div>\n\t\t\t\t<\/div>\n\t\t\t\t<\/div>\n\t\t\t\t<div class=\"elementor-element elementor-element-fff28c1 elementor-widget elementor-widget-heading\" data-id=\"fff28c1\" data-element_type=\"widget\" data-widget_type=\"heading.default\">\n\t\t\t\t<div class=\"elementor-widget-container\">\n\t\t\t\t\t<h1 class=\"elementor-heading-title elementor-size-default\">Recruitment and Talent Selection  <\/h1>\t\t\t\t<\/div>\n\t\t\t\t<\/div>\n\t\t\t\t<\/div>\n\t\t\t\t<\/div>\n\t\t\t\t<\/div>\n\t\t<div class=\"elementor-element elementor-element-13db1df e-flex e-con-boxed e-con e-parent\" data-id=\"13db1df\" data-element_type=\"container\" data-settings=\"{&quot;background_background&quot;:&quot;classic&quot;}\">\n\t\t\t\t\t<div class=\"e-con-inner\">\n\t\t<div class=\"elementor-element elementor-element-027a670 e-con-full e-flex e-con e-child\" data-id=\"027a670\" data-element_type=\"container\" data-settings=\"{&quot;background_background&quot;:&quot;classic&quot;}\">\n\t\t<div class=\"elementor-element elementor-element-4677dd5 e-con-full e-flex e-con e-child\" data-id=\"4677dd5\" data-element_type=\"container\">\n\t\t\t\t<div class=\"elementor-element elementor-element-41cc1df elementor-icon-list--layout-traditional elementor-list-item-link-full_width elementor-widget elementor-widget-icon-list\" data-id=\"41cc1df\" data-element_type=\"widget\" data-widget_type=\"icon-list.default\">\n\t\t\t\t<div class=\"elementor-widget-container\">\n\t\t\t\t\t\t\t<ul class=\"elementor-icon-list-items\">\n\t\t\t\t\t\t\t<li class=\"elementor-icon-list-item\">\n\t\t\t\t\t\t\t\t\t\t\t<span class=\"elementor-icon-list-icon\">\n\t\t\t\t\t\t\t<svg xmlns=\"http:\/\/www.w3.org\/2000\/svg\" width=\"12\" height=\"12\" viewbox=\"0 0 12 12\" fill=\"none\"><rect width=\"12\" height=\"12\" fill=\"#F04E23\"><\/rect><\/svg>\t\t\t\t\t\t<\/span>\n\t\t\t\t\t\t\t\t\t\t<span class=\"elementor-icon-list-text\">Recruitment and Talent Selection  <\/span>\n\t\t\t\t\t\t\t\t\t<\/li>\n\t\t\t\t\t\t<\/ul>\n\t\t\t\t\t\t<\/div>\n\t\t\t\t<\/div>\n\t\t\t\t<div class=\"elementor-element elementor-element-86464b1 elementor-widget elementor-widget-heading\" data-id=\"86464b1\" data-element_type=\"widget\" data-widget_type=\"heading.default\">\n\t\t\t\t<div class=\"elementor-widget-container\">\n\t\t\t\t\t<h2 class=\"elementor-heading-title elementor-size-default\">Empower your team with top-tier talent \u2014 effortlessly.  <\/h2>\t\t\t\t<\/div>\n\t\t\t\t<\/div>\n\t\t\t\t<div class=\"elementor-element elementor-element-a35d728 elementor-widget elementor-widget-heading\" data-id=\"a35d728\" data-element_type=\"widget\" data-widget_type=\"heading.default\">\n\t\t\t\t<div class=\"elementor-widget-container\">\n\t\t\t\t\t<h2 class=\"elementor-heading-title elementor-size-default\">Our services offer you:  <\/h2>\t\t\t\t<\/div>\n\t\t\t\t<\/div>\n\t\t\t\t<div class=\"elementor-element elementor-element-f4d3398 elementor-widget elementor-widget-text-editor\" data-id=\"f4d3398\" data-element_type=\"widget\" data-widget_type=\"text-editor.default\">\n\t\t\t\t<div class=\"elementor-widget-container\">\n\t\t\t\t\t\t\t\t\t<ul><li><strong>Proven Expertise:<\/strong> Over 20 years of experience supporting companies in Free Trade Zones, multinational corporations, and national firms.<\/li><li><strong>Personalized Attention:<\/strong> We meet with each client \u2014 in person or virtually \u2014 to understand their needs and provide continuous process updates.<\/li><li><strong>Extensive Talent Network:<\/strong> We subscribe to online recruitment platforms, engage actively in professional networks, and participate in job fairs to attract qualified candidates.<\/li><li><strong>Thorough Candidate Evaluation:<\/strong> Our meticulous selection process ensures that only the most suitable profiles are presented to our clients.<\/li><li><strong>Highly Qualified Team:<\/strong> Our team includes recruitment analysts, psychologists specialized in psychometric assessments, and human resources professionals supported by advanced technology.<\/li><li><strong>Strategic and Transparent Process:<\/strong> We actively seek client feedback to continuously   \nimprove the service experience.<\/li><\/ul>\t\t\t\t\t\t\t\t<\/div>\n\t\t\t\t<\/div>\n\t\t\t\t<\/div>\n\t\t\t\t<\/div>\n\t\t\t\t\t<\/div>\n\t\t\t\t<\/div>\n\t\t<div class=\"elementor-element elementor-element-b6dac33 e-flex e-con-boxed e-con e-parent\" data-id=\"b6dac33\" data-element_type=\"container\" data-settings=\"{&quot;background_background&quot;:&quot;classic&quot;}\">\n\t\t\t\t\t<div class=\"e-con-inner\">\n\t\t<div class=\"elementor-element elementor-element-c63a475 e-con-full e-flex e-con e-child\" data-id=\"c63a475\" data-element_type=\"container\">\n\t\t\t\t<div class=\"elementor-element elementor-element-c18faba elementor-widget elementor-widget-heading\" data-id=\"c18faba\" data-element_type=\"widget\" data-widget_type=\"heading.default\">\n\t\t\t\t<div class=\"elementor-widget-container\">\n\t\t\t\t\t<h2 class=\"elementor-heading-title elementor-size-default\">Looking for more information?  <\/h2>\t\t\t\t<\/div>\n\t\t\t\t<\/div>\n\t\t\t\t<\/div>\n\t\t<div class=\"elementor-element elementor-element-f3bc141 e-con-full e-flex e-con e-child\" data-id=\"f3bc141\" data-element_type=\"container\">\n\t\t\t\t<div class=\"elementor-element elementor-element-5648e9c elementor-widget__width-inherit elementor-widget-mobile__width-inherit elementor-widget elementor-widget-text-editor\" data-id=\"5648e9c\" data-element_type=\"widget\" data-widget_type=\"text-editor.default\">\n\t\t\t\t<div class=\"elementor-widget-container\">\n\t\t\t\t\t\t\t\t\tSend us your inquiries or schedule a meeting by emailing\t\t\t\t\t\t\t\t<\/div>\n\t\t\t\t<\/div>\n\t\t\t\t<div class=\"elementor-element elementor-element-db9f02a elementor-widget elementor-widget-button\" data-id=\"db9f02a\" data-element_type=\"widget\" data-widget_type=\"button.default\">\n\t\t\t\t<div class=\"elementor-widget-container\">\n\t\t\t\t\t\t\t\t\t<div class=\"elementor-button-wrapper\">\n\t\t\t\t\t<a class=\"elementor-button elementor-button-link elementor-size-sm\" href=\"mailto:talento@afc.cr\">\n\t\t\t\t\t\t<span class=\"elementor-button-content-wrapper\">\n\t\t\t\t\t\t\t\t\t<span class=\"elementor-button-text\">talento@afc.cr<\/span>\n\t\t\t\t\t<\/span>\n\t\t\t\t\t<\/a>\n\t\t\t\t<\/div>\n\t\t\t\t\t\t\t\t<\/div>\n\t\t\t\t<\/div>\n\t\t\t\t<\/div>\n\t\t\t\t\t<\/div>\n\t\t\t\t<\/div>\n\t\t<div class=\"elementor-element elementor-element-599ccf5 elementor-hidden-desktop elementor-hidden-tablet elementor-hidden-mobile e-flex e-con-boxed e-con e-parent\" data-id=\"599ccf5\" data-element_type=\"container\" data-settings=\"{&quot;background_background&quot;:&quot;classic&quot;}\">\n\t\t\t\t\t<div class=\"e-con-inner\">\n\t\t<div class=\"elementor-element elementor-element-2922da7 e-con-full e-flex e-con e-child\" data-id=\"2922da7\" data-element_type=\"container\">\n\t\t\t\t<div class=\"elementor-element elementor-element-c3593b9 elementor-widget elementor-widget-heading\" data-id=\"c3593b9\" data-element_type=\"widget\" data-widget_type=\"heading.default\">\n\t\t\t\t<div class=\"elementor-widget-container\">\n\t\t\t\t\t<h2 class=\"elementor-heading-title elementor-size-default\">Service Testimonial <\/h2>\t\t\t\t<\/div>\n\t\t\t\t<\/div>\n\t\t\t\t<\/div>\n\t\t<div class=\"elementor-element elementor-element-4366d8b e-con-full e-flex e-con e-child\" data-id=\"4366d8b\" data-element_type=\"container\">\n\t\t\t\t<div class=\"elementor-element elementor-element-d60e0c4 elementor-widget__width-inherit elementor-widget-mobile__width-inherit elementor-widget elementor-widget-text-editor\" data-id=\"d60e0c4\" data-element_type=\"widget\" data-widget_type=\"text-editor.default\">\n\t\t\t\t<div class=\"elementor-widget-container\">\n\t\t\t\t\t\t\t\t\t<div><p>\"I always recommend AFC's services to my real estate clients. With you, the escrow process flows smoothly and quickly. I really enjoy working with your team.\"<\/p><\/div>\t\t\t\t\t\t\t\t<\/div>\n\t\t\t\t<\/div>\n\t\t\t\t<div class=\"elementor-element elementor-element-6bb6c7a elementor-widget elementor-widget-heading\" data-id=\"6bb6c7a\" data-element_type=\"widget\" data-widget_type=\"heading.default\">\n\t\t\t\t<div class=\"elementor-widget-container\">\n\t\t\t\t\t<h3 class=\"elementor-heading-title elementor-size-default\">Real Estate Agent in Costa Rica<\/h3>\t\t\t\t<\/div>\n\t\t\t\t<\/div>\n\t\t\t\t<\/div>\n\t\t\t\t\t<\/div>\n\t\t\t\t<\/div>\n\t\t\t\t<\/div>","protected":false},"excerpt":{"rendered":"<p>Reclutamiento y Selecci\u00f3n de Talento Reclutamiento y Selecci\u00f3n de Talento Potencie su equipo con el mejor capital humano, sin complicaciones. Nuestro servicio te ofrece: Especializaci\u00f3n comprobada: M\u00e1s de 20 a\u00f1os de experiencia colaborando con empresas del r\u00e9gimen de Zonas Francas, transnacionales y nacionales. Atenci\u00f3n personalizada: Nos reunimos con cada cliente \u2014presencial o virtualmente\u2014 para comprender [&hellip;]<\/p>","protected":false},"author":1,"featured_media":0,"parent":0,"menu_order":0,"comment_status":"closed","ping_status":"closed","template":"elementor_header_footer","meta":{"footnotes":""},"class_list":["post-4277","page","type-page","status-publish","hentry"],"_links":{"self":[{"href":"https:\/\/www.afc.cr\/en\/wp-json\/wp\/v2\/pages\/4277","targetHints":{"allow":["GET"]}}],"collection":[{"href":"https:\/\/www.afc.cr\/en\/wp-json\/wp\/v2\/pages"}],"about":[{"href":"https:\/\/www.afc.cr\/en\/wp-json\/wp\/v2\/types\/page"}],"author":[{"embeddable":true,"href":"https:\/\/www.afc.cr\/en\/wp-json\/wp\/v2\/users\/1"}],"replies":[{"embeddable":true,"href":"https:\/\/www.afc.cr\/en\/wp-json\/wp\/v2\/comments?post=4277"}],"version-history":[{"count":19,"href":"https:\/\/www.afc.cr\/en\/wp-json\/wp\/v2\/pages\/4277\/revisions"}],"predecessor-version":[{"id":4304,"href":"https:\/\/www.afc.cr\/en\/wp-json\/wp\/v2\/pages\/4277\/revisions\/4304"}],"wp:attachment":[{"href":"https:\/\/www.afc.cr\/en\/wp-json\/wp\/v2\/media?parent=4277"}],"curies":[{"name":"wp","href":"https:\/\/api.w.org\/{rel}","templated":true}]}}